{"id":77,"date":"2025-07-19T14:36:33","date_gmt":"2025-07-19T14:36:33","guid":{"rendered":"https:\/\/somosregina.com.ar\/wp\/?post_type=product&#038;p=77"},"modified":"2026-03-29T17:00:17","modified_gmt":"2026-03-29T17:00:17","slug":"miel-liquida-500grs","status":"publish","type":"product","link":"https:\/\/somosregina.com.ar\/wp\/producto\/miel-liquida-500grs\/","title":{"rendered":"Miel l\u00edquida 500grs"},"content":{"rendered":"<p>La miel es un producto natural es utilizada desde hace miles de a\u00f1os en todo el mundo, ya sea como saborizante de brebajes, alimento o medicamento, su composici\u00f3n es variable sin embargo su principal componente, son carbohidratos en la forma de monosac\u00e1ridos como la fructosa y la glucosa, as\u00ed como disac\u00e1ridos tales como maltosa, isomaltosa, maltulosa, sucrosa, turanosa y nigerosa.<br \/>\nEstos componentes son los responsables del intenso dulzor de la miel. Adem\u00e1s, contiene oligosac\u00e1ridos como la panosa; enzimas como la amilasa, per\u00f3xido oxidasas, catalasa y fosforilasa \u00e1cida; adem\u00e1s contiene amino\u00e1cidos, algunas vitaminas B, C, niacina, \u00e1cido f\u00f3lico, minerales como hierro y zinc, y antioxidantes.<\/p>\n<p>En REGINA hacemos una producci\u00f3n moderada con impacto ambiental positivo, sin uso de insumos qu\u00edmicos, somos productores agroecol\u00f3gicos con certificado.<\/p>\n<p>Formas de uso: Adem\u00e1s de usarse como edulcorante natural en infusiones, mate, licuados, reposter\u00eda, comidas varias, la miel se usa como antiinflamatorio, antioxidante y agente antibi\u00f3tico para curar heridas y quemaduras, y uso cosmetol\u00f3gico como mascarillas .<\/p>\n<p><a class=\"alt-font card-title fs-20 lh-30 fw-500 text-dark-gray d-inline-block w-75 xl-w-85 lg-w-100\" href=\"https:\/\/somosregina.com.ar\/demo-fashion-store-blog-single-creative.html\">Adem\u00e1s de usarse como endulzante natural en infusiones, mate, licuados, reposter\u00eda, comidas varias, la miel se usa como antiinflamatorio, antioxidante y agente antibi\u00f3tico para curar heridas y quemaduras, y uso cosmetol\u00f3gico como mascarillas .<\/a><\/p>\n","protected":false},"excerpt":{"rendered":"<p><a class=\"alt-font card-title fs-20 lh-30 fw-500 text-dark-gray d-inline-block w-75 xl-w-85 lg-w-100\" href=\"https:\/\/somosregina.com.ar\/demo-fashion-store-blog-single-creative.html\">Adem\u00e1s de usarse como endulzante natural en infusiones, mate, licuados, reposter\u00eda, comidas varias, la miel se usa como antiinflamatorio, antioxidante y agente antibi\u00f3tico para curar heridas y quemaduras, y uso cosmetol\u00f3gico como mascarillas .<\/a>l\u00edquida<\/p>\n","protected":false},"featured_media":78,"template":"","meta":{"site-sidebar-layout":"default","site-content-layout":"","ast-site-content-layout":"default","site-content-style":"default","site-sidebar-style":"default","ast-global-header-display":"","ast-banner-title-visibility":"","ast-main-header-display":"","ast-hfb-above-header-display":"","ast-hfb-below-header-display":"","ast-hfb-mobile-header-display":"","site-post-title":"","ast-breadcrumbs-content":"","ast-featured-img":"","footer-sml-layout":"","theme-transparent-header-meta":"default","adv-header-id-meta":"","stick-header-meta":"","header-above-stick-meta":"","header-main-stick-meta":"","header-below-stick-meta":"","astra-migrate-meta-layouts":"set","ast-page-background-enabled":"default","ast-page-background-meta":{"desktop":{"background-color":"","background-image":"","background-repeat":"repeat","background-position":"center center","background-size":"auto","background-attachment":"scroll","background-type":"","background-media":"","overlay-type":"","overlay-color":"","overlay-opacity":"","overlay-gradient":""},"tablet":{"background-color":"","background-image":"","background-repeat":"repeat","background-position":"center center","background-size":"auto","background-attachment":"scroll","background-type":"","background-media":"","overlay-type":"","overlay-color":"","overlay-opacity":"","overlay-gradient":""},"mobile":{"background-color":"","background-image":"","background-repeat":"repeat","background-position":"center center","background-size":"auto","background-attachment":"scroll","background-type":"","background-media":"","overlay-type":"","overlay-color":"","overlay-opacity":"","overlay-gradient":""}},"ast-content-background-meta":{"desktop":{"background-color":"var(--ast-global-color-5)","background-image":"","background-repeat":"repeat","background-position":"center center","background-size":"auto","background-attachment":"scroll","background-type":"","background-media":"","overlay-type":"","overlay-color":"","overlay-opacity":"","overlay-gradient":""},"tablet":{"background-color":"var(--ast-global-color-5)","background-image":"","background-repeat":"repeat","background-position":"center center","background-size":"auto","background-attachment":"scroll","background-type":"","background-media":"","overlay-type":"","overlay-color":"","overlay-opacity":"","overlay-gradient":""},"mobile":{"background-color":"var(--ast-global-color-5)","background-image":"","background-repeat":"repeat","background-position":"center center","background-size":"auto","background-attachment":"scroll","background-type":"","background-media":"","overlay-type":"","overlay-color":"","overlay-opacity":"","overlay-gradient":""}}},"product_brand":[],"product_cat":[23],"product_tag":[24],"class_list":{"0":"post-77","1":"product","2":"type-product","3":"status-publish","4":"has-post-thumbnail","6":"product_cat-nuestras-mieles","7":"product_tag-liquida","8":"desktop-align-center","9":"tablet-align-center","10":"mobile-align-center","12":"first","13":"instock","14":"taxable","15":"shipping-taxable","16":"purchasable","17":"product-type-simple"},"_links":{"self":[{"href":"https:\/\/somosregina.com.ar\/wp\/wp-json\/wp\/v2\/product\/77","targetHints":{"allow":["GET"]}}],"collection":[{"href":"https:\/\/somosregina.com.ar\/wp\/wp-json\/wp\/v2\/product"}],"about":[{"href":"https:\/\/somosregina.com.ar\/wp\/wp-json\/wp\/v2\/types\/product"}],"wp:featuredmedia":[{"embeddable":true,"href":"https:\/\/somosregina.com.ar\/wp\/wp-json\/wp\/v2\/media\/78"}],"wp:attachment":[{"href":"https:\/\/somosregina.com.ar\/wp\/wp-json\/wp\/v2\/media?parent=77"}],"wp:term":[{"taxonomy":"product_brand","embeddable":true,"href":"https:\/\/somosregina.com.ar\/wp\/wp-json\/wp\/v2\/product_brand?post=77"},{"taxonomy":"product_cat","embeddable":true,"href":"https:\/\/somosregina.com.ar\/wp\/wp-json\/wp\/v2\/product_cat?post=77"},{"taxonomy":"product_tag","embeddable":true,"href":"https:\/\/somosregina.com.ar\/wp\/wp-json\/wp\/v2\/product_tag?post=77"}],"curies":[{"name":"wp","href":"https:\/\/api.w.org\/{rel}","templated":true}]}}